{"id":628,"date":"2009-05-06T11:43:24","date_gmt":"2009-05-06T16:43:24","guid":{"rendered":"http:\/\/wpzoom.com\/zenko\/demo\/?page_id=3"},"modified":"2026-04-17T19:45:18","modified_gmt":"2026-04-17T16:45:18","slug":"contact","status":"publish","type":"page","link":"https:\/\/www.icoanei-ioanid.ro\/?page_id=628","title":{"rendered":"Contact"},"content":{"rendered":"\n<div class=\"wp-block-group has-global-padding is-layout-constrained wp-container-core-group-is-layout-639b5052 wp-block-group-is-layout-constrained\" style=\"padding-top:0;padding-right:0;padding-bottom:0;padding-left:0\">\n<div class=\"wp-block-columns are-vertically-aligned-top is-layout-flex wp-container-core-columns-is-layout-d7d455e7 wp-block-columns-is-layout-flex\" style=\"padding-top:0;padding-right:0;padding-bottom:0;padding-left:0\">\n<div class=\"wp-block-column is-vertically-aligned-top is-layout-flow wp-block-column-is-layout-flow\" style=\"padding-right:7%;flex-basis:50%\">\n<p class=\"has-text-color\" style=\"color:#0bb4aa\"><\/p>\n\n\n\n<h2 class=\"wp-block-heading has-large-font-size\">IMPLIC\u0102-TE !<\/h2>\n\n\n\n<p>Vrei s\u0103 te al\u0103turi nou\u0103 sau s\u0103 semnalezi o problem\u0103? \u00cen sec\u021biunea Sesiz\u0103ri g\u0103se\u0219ti toate resursele pentru a raporta nereguli, a contacta autorit\u0103\u021bile \u0219i a te implica \u00een ini\u021biativele noastre.<\/p>\n\n\n\n<p>Al\u0103tur\u0103-te grupului \u0219i contribuie la un cartier mai bine organizat \u0219i mai unit!<br><\/p>\n\n\n\n<p>&#x2709;&#xfe0f; :&nbsp;<a href=\"mailto:hello@icoanei-ioanid.ro\">hello@icoanei-ioanid.ro<\/a>&nbsp;<\/p>\n<\/div>\n\n\n\n<div class=\"wp-block-column is-vertically-aligned-top is-layout-flow wp-block-column-is-layout-flow\" style=\"flex-basis:50%\"><style>#wpzf-6830 + .notice { margin-top: 20px; padding: 15px; border-radius: 4px; }#wpzf-6830 + .notice.success { background-color: #e7f7ed; color: #227045; border-left: 4px solid #46b450; }#wpzf-6830 + .notice.error { background-color: #fde8e8; color: #8a1f11; border-left: 4px solid #cc0000; }#wpzf-6830 + .notice p { margin: 0; }#wpzf-6830-notice { scroll-margin-top: 24px; }<\/style><!-- ZOOM Forms Start -->\n\t\t\t<form id=\"wpzf-6830\" method=\"post\" action=\"https:\/\/www.icoanei-ioanid.ro\/wp-admin\/admin-post.php\" class=\"wpzoom-forms_form\">\n\t\t\t<input type=\"hidden\" name=\"action\" value=\"wpzf_submit\" \/>\n\t\t\t<input type=\"hidden\" name=\"form_id\" value=\"6830\" \/>\n\t\t\t<input type=\"hidden\" id=\"_wpnonce\" name=\"_wpnonce\" value=\"1de869d458\" \/><input type=\"hidden\" name=\"_wp_http_referer\" value=\"\/index.php?rest_route=%2Fwp%2Fv2%2Fpages%2F628\" \/>\n\t\t\t\n<div class=\"wp-block-wpzoom-forms-form\">\n<div class=\"wp-block-group is-layout-flow wp-block-group-is-layout-flow\">\n<div class=\"wp-block-columns is-layout-flex wp-container-core-columns-is-layout-28f84493 wp-block-columns-is-layout-flex\">\n<div class=\"wp-block-column is-layout-flow wp-block-column-is-layout-flow\" style=\"flex-basis:100%\">\n<label for=\"input_name\"><span>Nume<\/span><sup class=\"wp-block-wpzoom-forms-required\">*<\/sup><\/label><input type=\"text\" name=\"wpzf_input_name\" id=\"input_name\" placeholder=\"\" required class=\"wp-block-wpzoom-forms-text-name-field\" style=\"margin-top:0;margin-bottom:0\"\/>\n\n\n\n<label for=\"input_17c12d90\"><span>Stai \u00een cartier? Pe ce strad\u0103?<\/span><\/label><input type=\"text\" name=\"wpzf_input_17c12d90\" id=\"input_17c12d90\" placeholder=\"\" data-subject=\"false\" class=\"wp-block-wpzoom-forms-text-plain-field\" style=\"margin-top:0;margin-bottom:0\"\/>\n\n\n\n<label for=\"input_email\"><span>Email<\/span><sup class=\"wp-block-wpzoom-forms-required\">*<\/sup><\/label><input type=\"email\" name=\"wpzf_input_email\" id=\"input_email\" placeholder=\"\" required data-replyto=\"true\" class=\"wp-block-wpzoom-forms-text-email-field\" style=\"margin-top:0;margin-bottom:0\"\/>\n\n\n\n<label for=\"input_411dd737\"><span>Telefon<\/span><\/label><input type=\"tel\" name=\"wpzf_input_411dd737\" id=\"input_411dd737\" placeholder=\"\" class=\"wp-block-wpzoom-forms-text-phone-field\" style=\"margin-top:0;margin-bottom:0\"\/>\n\n\n\n<label for=\"input_5a4661df\"><span>Cum vrei s\u0103 contribui la comunitate?<\/span><sup class=\"wp-block-wpzoom-forms-required\">*<\/sup><\/label><select name=\"wpzf_input_5a4661df\" id=\"input_5a4661df\" required defaultvalue=\"\" class=\"wp-block-wpzoom-forms-select-field\" style=\"margin-top:0;margin-bottom:0\"><option value=\"\"><\/option><option value=\"Vreau doar s\u0103 aflu lucruri din comunitate\">Vreau doar s\u0103 aflu lucruri din comunitate<\/option><option value=\"Voluntar online (fac sesiz\u0103ri, dau remindere)\">Voluntar online (fac sesiz\u0103ri, dau remindere)<\/option><option value=\"Voluntar marketer (\u00eempart vestea la vecini cu stickere, postere)\">Voluntar marketer (\u00eempart vestea la vecini cu stickere, postere)<\/option><option value=\"Business partener (am o afacere \u00een cartier prin care vreau s\u0103 ajut)\">Business partener (am o afacere \u00een cartier prin care vreau s\u0103 ajut)<\/option><option value=\"Voluntar evenimente (hands on c\u00e2nd se organizeaz\u0103 \u00eent\u00e2lniri \u00een comunitate)\">Voluntar evenimente (hands on c\u00e2nd se organizeaz\u0103 \u00eent\u00e2lniri \u00een comunitate)<\/option><\/select>\n<\/div>\n<\/div>\n\n\n\n<div class=\"wp-block-columns is-layout-flex wp-container-core-columns-is-layout-28f84493 wp-block-columns-is-layout-flex\">\n<div class=\"wp-block-column is-layout-flow wp-block-column-is-layout-flow\" style=\"flex-basis:30%\">\n<input type=\"submit\" id=\"input_submit\" value=\"TRIMITE\" class=\"wp-block-wpzoom-forms-submit-field has-white-color has-secondary-background-color has-text-color has-background has-link-color wp-elements-f6cb9a90e4630e5abdeb7e200e043852\"\/>\n<\/div>\n\n\n\n<div class=\"wp-block-column is-layout-flow wp-block-column-is-layout-flow\" style=\"flex-basis:70%\">\n<p class=\"has-text-align-right\" style=\"padding-top:var(--wp--preset--spacing--x-small);padding-bottom:var(--wp--preset--spacing--x-small);font-size:12px\">C\u00e2mpurile marcate cu <strong class=\"has-accent-color has-text-color\">*<\/strong> sunt obligatorii.<\/p>\n<\/div>\n<\/div>\n<\/div>\n<\/div>\n\n\n\n<p><\/p>\n\n\t\t\t<input type=\"hidden\" name=\"wpzf_replyto\" value=\"wpzf_input_email\" \/><\/form>\n\t\t\t\n\t\t\t<!-- ZOOM Forms End --><\/div>\n<\/div>\n<\/div>\n\n\n\n<p><\/p>\n","protected":false},"excerpt":{"rendered":"<p>IMPLIC\u0102-TE ! Vrei s\u0103 te al\u0103turi nou\u0103 sau s\u0103 semnalezi o problem\u0103? \u00cen sec\u021biunea Sesiz\u0103ri g\u0103se\u0219ti toate resursele pentru a raporta nereguli, a contacta autorit\u0103\u021bile \u0219i a te implica \u00een ini\u021biativele noastre. Al\u0103tur\u0103-te grupului \u0219i contribuie la un cartier mai bine organizat \u0219i mai unit! &#x2709;&#xfe0f; :&nbsp;hello@icoanei-ioanid.ro&nbsp;<\/p>\n","protected":false},"author":1,"featured_media":0,"parent":0,"menu_order":0,"comment_status":"closed","ping_status":"closed","template":"page-templates\/no-title.php","meta":{"pagelayer_contact_templates":[],"_pagelayer_content":"","inspiro_hide_title":true,"footnotes":""},"class_list":["post-628","page","type-page","status-publish","hentry"],"featured_media_urls":[],"_links":{"self":[{"href":"https:\/\/www.icoanei-ioanid.ro\/index.php?rest_route=\/wp\/v2\/pages\/628","targetHints":{"allow":["GET"]}}],"collection":[{"href":"https:\/\/www.icoanei-ioanid.ro\/index.php?rest_route=\/wp\/v2\/pages"}],"about":[{"href":"https:\/\/www.icoanei-ioanid.ro\/index.php?rest_route=\/wp\/v2\/types\/page"}],"author":[{"embeddable":true,"href":"https:\/\/www.icoanei-ioanid.ro\/index.php?rest_route=\/wp\/v2\/users\/1"}],"replies":[{"embeddable":true,"href":"https:\/\/www.icoanei-ioanid.ro\/index.php?rest_route=%2Fwp%2Fv2%2Fcomments&post=628"}],"version-history":[{"count":8,"href":"https:\/\/www.icoanei-ioanid.ro\/index.php?rest_route=\/wp\/v2\/pages\/628\/revisions"}],"predecessor-version":[{"id":7265,"href":"https:\/\/www.icoanei-ioanid.ro\/index.php?rest_route=\/wp\/v2\/pages\/628\/revisions\/7265"}],"wp:attachment":[{"href":"https:\/\/www.icoanei-ioanid.ro\/index.php?rest_route=%2Fwp%2Fv2%2Fmedia&parent=628"}],"curies":[{"name":"wp","href":"https:\/\/api.w.org\/{rel}","templated":true}]}}