{"id":6922,"date":"2023-11-19T10:39:22","date_gmt":"2023-11-19T10:39:22","guid":{"rendered":"https:\/\/demo.wpzoom.com\/inspiro-lite-blocks-xml\/?page_id=6922"},"modified":"2026-04-17T14:19:02","modified_gmt":"2026-04-17T11:19:02","slug":"homepage-2","status":"publish","type":"page","link":"https:\/\/www.icoanei-ioanid.ro\/","title":{"rendered":"Homepage"},"content":{"rendered":"\n<div class=\"wp-block-group alignfull has-global-padding is-layout-constrained wp-block-group-is-layout-constrained\">\n<div class=\"wp-block-group has-global-padding is-layout-constrained wp-block-group-is-layout-constrained\" style=\"padding-top:var(--wp--preset--spacing--small);padding-bottom:var(--wp--preset--spacing--small)\">\n<div class=\"wp-block-columns is-layout-flex wp-container-core-columns-is-layout-c375d253 wp-block-columns-is-layout-flex\">\n<div class=\"wp-block-column is-vertically-aligned-center is-layout-flow wp-block-column-is-layout-flow\">\n<div class=\"wp-block-group is-nowrap is-layout-flex wp-container-core-group-is-layout-911a4333 wp-block-group-is-layout-flex\" style=\"margin-top:0;margin-bottom:0;padding-top:0;padding-bottom:0\">\n\n\n<h2 class=\"wp-block-heading has-medium-font-size\">DESPRE GRUPURI CIVICE<\/h2>\n<\/div>\n\n\n\n<p>Grupurile de ini\u021biativ\u0103 civic\u0103 unesc voluntari motiva\u021bi, preocupa\u021bi de binele comun, care colaboreaz\u0103 pentru a identifica probleme, a genera solu\u021bii \u0219i pentru a crea un spa\u021biu urban armonios. Aceste grupuri sunt un liant \u00eentre cet\u0103\u021beni \u0219i autorit\u0103\u021bi, \u00een beneficiul \u00eentregii comunit\u0103\u021bi.<\/p>\n\n\n\n<p><\/p>\n<\/div>\n\n\n\n<div class=\"wp-block-column is-layout-flow wp-block-column-is-layout-flow\">\n<figure class=\"wp-block-image size-full\"><img loading=\"lazy\" decoding=\"async\" width=\"1024\" height=\"576\" src=\"http:\/\/icoanei-ioanid.ro\/wp-content\/uploads\/2026\/04\/IMG_5536.jpg\" alt=\"\" class=\"wp-image-7003\" srcset=\"https:\/\/www.icoanei-ioanid.ro\/wp-content\/uploads\/2026\/04\/IMG_5536.jpg 1024w, https:\/\/www.icoanei-ioanid.ro\/wp-content\/uploads\/2026\/04\/IMG_5536-300x169.jpg 300w\" sizes=\"auto, (max-width: 1024px) 100vw, 1024px\" \/><\/figure>\n<\/div>\n<\/div>\n<\/div>\n<\/div>\n\n\n\n<div class=\"wp-block-group alignfull has-background-background-color has-background has-global-padding is-layout-constrained wp-block-group-is-layout-constrained\">\n<div class=\"wp-block-group has-global-padding is-layout-constrained wp-block-group-is-layout-constrained\" style=\"padding-top:var(--wp--preset--spacing--small);padding-bottom:var(--wp--preset--spacing--small)\">\n<div class=\"wp-block-columns are-vertically-aligned-center is-layout-flex wp-container-core-columns-is-layout-c375d253 wp-block-columns-is-layout-flex\">\n<div class=\"wp-block-column is-vertically-aligned-center is-layout-flow wp-block-column-is-layout-flow\">\n<figure class=\"wp-block-image size-full\"><a href=\"http:\/\/icoanei-ioanid.ro\/wp-content\/uploads\/2026\/04\/harta_zone.avif\"><img loading=\"lazy\" decoding=\"async\" width=\"772\" height=\"661\" src=\"http:\/\/icoanei-ioanid.ro\/wp-content\/uploads\/2026\/04\/harta_zone.avif\" alt=\"\" class=\"wp-image-6998\" srcset=\"https:\/\/www.icoanei-ioanid.ro\/wp-content\/uploads\/2026\/04\/harta_zone.avif 772w, https:\/\/www.icoanei-ioanid.ro\/wp-content\/uploads\/2026\/04\/harta_zone-300x257.avif 300w\" sizes=\"auto, (max-width: 772px) 100vw, 772px\" \/><\/a><\/figure>\n<\/div>\n\n\n\n<div class=\"wp-block-column is-vertically-aligned-center is-layout-flow wp-block-column-is-layout-flow\">\n<div class=\"wp-block-group is-nowrap is-layout-flex wp-container-core-group-is-layout-6c531013 wp-block-group-is-layout-flex\">\n\n\n<h2 class=\"wp-block-heading has-medium-font-size\">CINE SUNTEM&nbsp;\u0218I CE FACEM ?<\/h2>\n<\/div>\n\n\n\n<p><strong>Grupul de Ini\u021biativ\u0103 Civic\u0103 Icoanei-Ioanid<\/strong> este o comunitate activ\u0103 \u00een inima Bucure\u0219tiului, format\u0103 din reziden\u021bii zonei, unit\u0103 de dorin\u021ba de a proteja \u0219i pune \u00een valoare patrimoniul unuia dintre cele mai emblematice cartiere ale capitalei. Ne propunem s\u0103 men\u021binem un mediu curat \u0219i sigur, s\u0103 \u00eencuraj\u0103m implicarea civic\u0103 \u0219i s\u0103 construim o comunitate bazat\u0103 pe respect \u0219i responsabilitate. Prin \u00eent\u00e2lniri regulate, colabor\u0103ri cu autorit\u0103\u021bile \u0219i evenimente comunitare, d\u0103m voce nevoilor locuitorilor \u0219i contribuim la cre\u0219terea calit\u0103\u021bii vie\u021bii \u00een cartier.<\/p>\n\n\n\n<p>\u200bArealul acoperit de grupul de ini\u021biativ\u0103 include un inel central \u00een jurul parcurilor Icoanei \u0219i Ioanid, extinz\u00e2ndu-se \u00eentr-un al doilea inel ce cuprinde str\u0103zile Dacia, Eminescu, Mo\u0219ilor, Viitorului \u0219i zona Armeneasc\u0103. Al treilea inel se \u00eentinde p\u00e2n\u0103 la \u0218tefan cel Mare, Mo\u0219ilor \u0219i bulevardele Carol \u0219i Magheru.<\/p>\n<\/div>\n<\/div>\n<\/div>\n<\/div>\n\n\n\n<div class=\"wp-block-group alignfull has-global-padding is-layout-constrained wp-block-group-is-layout-constrained\">\n<div class=\"wp-block-group has-global-padding is-layout-constrained wp-block-group-is-layout-constrained\" style=\"padding-top:var(--wp--preset--spacing--small);padding-bottom:var(--wp--preset--spacing--small)\">\n<div class=\"wp-block-columns is-layout-flex wp-container-core-columns-is-layout-c375d253 wp-block-columns-is-layout-flex\">\n<div class=\"wp-block-column is-vertically-aligned-center is-layout-flow wp-block-column-is-layout-flow\">\n<div class=\"wp-block-group is-nowrap is-layout-flex wp-container-core-group-is-layout-6c531013 wp-block-group-is-layout-flex\">\n\n\n<h2 class=\"wp-block-heading has-medium-font-size\">CE NE PROPUNEM<\/h2>\n<\/div>\n\n\n\n<ul style=\"padding-top:0;padding-bottom:0\" class=\"wp-block-list\">\n<li>S\u0103 p\u0103str\u0103m cartierul curat \u0219i sigur prin ac\u021biuni de ecologizare, cur\u0103\u021benie \u0219i semnalarea problemelor c\u0103tre autorit\u0103\u021bi.<\/li>\n\n\n\n<li style=\"padding-top:var(--wp--preset--spacing--x-small);padding-bottom:var(--wp--preset--spacing--x-small)\">S\u0103 protej\u0103m patrimoniul cultural \u0219i natural al zonei, de la parcuri la cl\u0103dirile istorice.<\/li>\n\n\n\n<li>S\u0103 \u00eembun\u0103t\u0103\u021bim siguran\u021ba public\u0103 prin solu\u021bii simple, cum ar fi iluminatul stradal mai bun \u0219i treceri de pietoni acolo unde e nevoie.<\/li>\n\n\n\n<li style=\"padding-top:var(--wp--preset--spacing--x-small);padding-bottom:var(--wp--preset--spacing--x-small)\">S\u0103 aducem oamenii \u00eempreun\u0103 prin evenimente care informeaz\u0103, conecteaz\u0103 \u0219i implic\u0103 comunitatea.<\/li>\n<\/ul>\n\n\n\n<div class=\"wp-block-buttons is-horizontal is-content-justification-left is-layout-flex wp-container-core-buttons-is-layout-20be11b6 wp-block-buttons-is-layout-flex\">\n<div class=\"wp-block-button has-custom-width wp-block-button__width-50 is-style-outline is-style-outline--1\"><a class=\"wp-block-button__link wp-element-button\" href=\"http:\/\/icoanei-ioanid.ro\/?page_id=4684\" style=\"border-radius:0px;font-style:normal;font-weight:600\">INI\u021aIATIVE<\/a><\/div>\n<\/div>\n<\/div>\n\n\n\n<div class=\"wp-block-column is-layout-flow wp-block-column-is-layout-flow\">\n<figure class=\"wp-block-image size-large\"><img loading=\"lazy\" decoding=\"async\" width=\"1024\" height=\"768\" src=\"http:\/\/icoanei-ioanid.ro\/wp-content\/uploads\/2026\/04\/IMG_6970-1024x768.jpg\" alt=\"\" class=\"wp-image-7002\" srcset=\"https:\/\/www.icoanei-ioanid.ro\/wp-content\/uploads\/2026\/04\/IMG_6970-1024x768.jpg 1024w, https:\/\/www.icoanei-ioanid.ro\/wp-content\/uploads\/2026\/04\/IMG_6970-300x225.jpg 300w, https:\/\/www.icoanei-ioanid.ro\/wp-content\/uploads\/2026\/04\/IMG_6970.jpg 1210w\" sizes=\"auto, (max-width: 1024px) 100vw, 1024px\" \/><\/figure>\n<\/div>\n<\/div>\n<\/div>\n<\/div>\n\n\n\n<div class=\"wp-block-group alignfull has-background-background-color has-background has-global-padding is-layout-constrained wp-container-core-group-is-layout-3a820303 wp-block-group-is-layout-constrained\" id=\"team\" style=\"padding-right:var(--wp--preset--spacing--small);padding-left:var(--wp--preset--spacing--small)\">\n<div style=\"height:5px\" aria-hidden=\"true\" class=\"wp-block-spacer\"><\/div>\n\n\n\n<div class=\"wp-block-group is-layout-flow wp-block-group-is-layout-flow\">\n<p class=\"has-secondary-color has-text-color has-link-color wp-elements-80fb481a95e25b947bb1208cb8fc702b\">LOCUL CU RESURSE<\/p>\n\n\n\n<div style=\"height:0px\" aria-hidden=\"true\" class=\"wp-block-spacer\"><\/div>\n\n\n\n<div class=\"wp-block-group has-global-padding is-layout-constrained wp-block-group-is-layout-constrained\">\n<div class=\"wp-block-columns is-layout-flex wp-container-core-columns-is-layout-28f84493 wp-block-columns-is-layout-flex\">\n<div class=\"wp-block-column has-global-padding is-content-justification-left is-layout-constrained wp-container-core-column-is-layout-a2fcfd8d wp-block-column-is-layout-constrained\" style=\"border-width:1px;border-top-left-radius:15px;border-top-right-radius:15px;border-bottom-left-radius:15px;border-bottom-right-radius:15px;padding-top:var(--wp--preset--spacing--x-small);padding-right:var(--wp--preset--spacing--x-small);padding-bottom:var(--wp--preset--spacing--x-small);padding-left:var(--wp--preset--spacing--x-small)\">\n<h4 class=\"wp-block-heading\">Contacte&nbsp; AUTORIT\u0102\u021aI<\/h4>\n\n\n\n<p>Contacte, modele de sesiz\u0103ri \u0219i tot ce ai nevoie ca s\u0103 nu r\u0103m\u00e2i indiferent la problemele recurente din administrarea Sectorului 1 \u0219i 2 sau PMB.<\/p>\n\n\n\n<div class=\"wp-block-buttons is-horizontal is-content-justification-left is-layout-flex wp-container-core-buttons-is-layout-20be11b6 wp-block-buttons-is-layout-flex\">\n<div class=\"wp-block-button has-custom-width wp-block-button__width-50 is-style-outline is-style-outline--2\"><a class=\"wp-block-button__link wp-element-button\" href=\"http:\/\/icoanei-ioanid.ro\/?page_id=7168\" style=\"border-radius:0px;font-style:normal;font-weight:600\">c\u0103tre SESIZ\u0102RI<\/a><\/div>\n<\/div>\n<\/div>\n\n\n\n<div class=\"wp-block-column is-layout-flow wp-block-column-is-layout-flow\" style=\"border-width:1px;border-top-left-radius:15px;border-top-right-radius:15px;border-bottom-left-radius:15px;border-bottom-right-radius:15px;padding-top:var(--wp--preset--spacing--x-small);padding-right:var(--wp--preset--spacing--x-small);padding-bottom:var(--wp--preset--spacing--x-small);padding-left:var(--wp--preset--spacing--x-small)\">\n<h4 class=\"wp-block-heading\">INI\u021aIEZ un proiect<\/h4>\n\n\n\n<p>Ai o idee sau o propunere pentru un cartier mai civilizat? Ai v\u0103zut o ini\u021biativ\u0103 fain\u0103 \u00een alt\u0103 parte \u0219i vrei s\u0103 o aducem \u0219i aici?<\/p>\n\n\n\n<div class=\"wp-block-buttons is-horizontal is-content-justification-left is-layout-flex wp-container-core-buttons-is-layout-20be11b6 wp-block-buttons-is-layout-flex\">\n<div class=\"wp-block-button has-custom-width wp-block-button__width-50 is-style-outline is-style-outline--3\"><a class=\"wp-block-button__link wp-element-button\" href=\"http:\/\/icoanei-ioanid.ro\/?page_id=628\" style=\"border-radius:0px;font-style:normal;font-weight:600\">SCRIE-NE direct<\/a><\/div>\n<\/div>\n<\/div>\n<\/div>\n<\/div>\n<\/div>\n\n\n\n<div style=\"height:40px\" aria-hidden=\"true\" class=\"wp-block-spacer\"><\/div>\n<\/div>\n\n\n\n<div id=\"news\" class=\"wp-block-group has-global-padding is-layout-constrained wp-container-core-group-is-layout-3a820303 wp-block-group-is-layout-constrained\" style=\"padding-right:var(--wp--preset--spacing--small);padding-left:var(--wp--preset--spacing--small)\">\n<p class=\"has-text-align-left has-secondary-color has-text-color\">BLOGUL CU VE\u0218TI BUNE DIN CARTIER<\/p>\n\n\n\n<h2 class=\"wp-block-heading has-text-align-left\">Ultimele ve\u0219ti:<\/h2>\n\n\n\n<div class=\"wp-block-query is-layout-flow wp-block-query-is-layout-flow\"><ul class=\"columns-3 wp-block-post-template is-layout-grid wp-container-core-post-template-is-layout-6aac66c0 wp-block-post-template-is-layout-grid\"><li class=\"wp-block-post post-7120 post type-post status-publish format-standard has-post-thumbnail hentry category-initiative\">\n<figure style=\"width:100%;height:240px; margin-bottom:var(--wp--preset--spacing--small);\" class=\"wp-block-post-featured-image\"><a href=\"https:\/\/www.icoanei-ioanid.ro\/?p=7120\" target=\"_self\"  style=\"height:240px\"><img loading=\"lazy\" decoding=\"async\" width=\"1512\" height=\"2016\" src=\"https:\/\/www.icoanei-ioanid.ro\/wp-content\/uploads\/2026\/04\/blog_copac-4.jpg\" class=\"attachment-post-thumbnail size-post-thumbnail wp-post-image\" alt=\"\u201cM-am dus, m-am dus s\u0103 tai un copac\u201d&#8230;extrem de periculos\" style=\"height:240px;object-fit:cover;\" srcset=\"https:\/\/www.icoanei-ioanid.ro\/wp-content\/uploads\/2026\/04\/blog_copac-4.jpg 1512w, https:\/\/www.icoanei-ioanid.ro\/wp-content\/uploads\/2026\/04\/blog_copac-4-225x300.jpg 225w, https:\/\/www.icoanei-ioanid.ro\/wp-content\/uploads\/2026\/04\/blog_copac-4-768x1024.jpg 768w, https:\/\/www.icoanei-ioanid.ro\/wp-content\/uploads\/2026\/04\/blog_copac-4-1152x1536.jpg 1152w, https:\/\/www.icoanei-ioanid.ro\/wp-content\/uploads\/2026\/04\/blog_copac-4-600x800.jpg 600w, https:\/\/www.icoanei-ioanid.ro\/wp-content\/uploads\/2026\/04\/blog_copac-4-1200x1600.jpg 1200w\" sizes=\"auto, 100vw\" \/><\/a><\/figure>\n\n<h3 style=\"margin-top:0;margin-bottom:var(--wp--preset--spacing--x-small);\" class=\"has-link-color wp-elements-2e75b4e4fab489cf445e03eda13279d1 wp-block-post-title\"><a href=\"https:\/\/www.icoanei-ioanid.ro\/?p=7120\" target=\"_self\" >\u201cM-am dus, m-am dus s\u0103 tai un copac\u201d&#8230;extrem de periculos<\/a><\/h3>\n\n<div class=\"has-link-color wp-elements-61eeeb1d6c31f3761cb8bc35b6e1a095 wp-block-post-excerpt has-text-color has-tertiary-color\"><p class=\"wp-block-post-excerpt__excerpt\">Update:\u00a0Dec 16, 2024 Copacul \u00eenclinat de pe strada Alexandru Xenopol a fost, \u00een sf\u00e2r\u0219it, t\u0103iat!&nbsp; Acesta este un exemplu de bune practici \u00een care proprietarii, autorit\u0103\u021bile \u0219i membrii Grupului Civic au colaborat cu succes pentru interesul cet\u0103\u021benilor, \u00eentruc\u00e2t&hellip; <\/p><\/div>\n\n<a style=\"font-style:normal;font-weight:500;text-transform:uppercase;letter-spacing:1px; border-width:2px; padding-right:var(--wp--preset--spacing--x-small);padding-left:var(--wp--preset--spacing--x-small);padding-top:10px;padding-bottom:10px;\" class=\"wp-block-read-more has-text-color has-foreground-color has-x-small-font-size\" href=\"https:\/\/www.icoanei-ioanid.ro\/?p=7120\" target=\"_self\">Read more<span class=\"screen-reader-text\">: \u201cM-am dus, m-am dus s\u0103 tai un copac\u201d&#8230;extrem de periculos<\/span><\/a>\n<\/li><li class=\"wp-block-post post-7116 post type-post status-publish format-standard has-post-thumbnail hentry category-initiative\">\n<figure style=\"width:100%;height:240px; margin-bottom:var(--wp--preset--spacing--small);\" class=\"wp-block-post-featured-image\"><a href=\"https:\/\/www.icoanei-ioanid.ro\/?p=7116\" target=\"_self\"  style=\"height:240px\"><img loading=\"lazy\" decoding=\"async\" width=\"1080\" height=\"1359\" src=\"https:\/\/www.icoanei-ioanid.ro\/wp-content\/uploads\/2026\/04\/blog_faramasini-2.jpg\" class=\"attachment-post-thumbnail size-post-thumbnail wp-post-image\" alt=\"F\u0103r\u0103 ma\u0219ini abandonate pe str\u0103zile cartierului\" style=\"height:240px;object-fit:cover;\" srcset=\"https:\/\/www.icoanei-ioanid.ro\/wp-content\/uploads\/2026\/04\/blog_faramasini-2.jpg 1080w, https:\/\/www.icoanei-ioanid.ro\/wp-content\/uploads\/2026\/04\/blog_faramasini-2-238x300.jpg 238w, https:\/\/www.icoanei-ioanid.ro\/wp-content\/uploads\/2026\/04\/blog_faramasini-2-814x1024.jpg 814w, https:\/\/www.icoanei-ioanid.ro\/wp-content\/uploads\/2026\/04\/blog_faramasini-2-600x755.jpg 600w\" sizes=\"auto, 100vw\" \/><\/a><\/figure>\n\n<h3 style=\"margin-top:0;margin-bottom:var(--wp--preset--spacing--x-small);\" class=\"has-link-color wp-elements-2e75b4e4fab489cf445e03eda13279d1 wp-block-post-title\"><a href=\"https:\/\/www.icoanei-ioanid.ro\/?p=7116\" target=\"_self\" >F\u0103r\u0103 ma\u0219ini abandonate pe str\u0103zile cartierului<\/a><\/h3>\n\n<div class=\"has-link-color wp-elements-61eeeb1d6c31f3761cb8bc35b6e1a095 wp-block-post-excerpt has-text-color has-tertiary-color\"><p class=\"wp-block-post-excerpt__excerpt\">Ma\u0219inile abandonate nu mai au ce c\u0103uta pe str\u0103zile cartierului nostru! Dup\u0103 5 ani de zile, \u00een care aceast\u0103 ma\u0219in\u0103 a sta\u021bionat ilegal, pe trotuar \u0219i contrasens pe strada Jean Luis Calderon, mul\u021bi vecini nemul\u021bumi\u021bi \u0219i sesiz\u0103ri ale&hellip; <\/p><\/div>\n\n<a style=\"font-style:normal;font-weight:500;text-transform:uppercase;letter-spacing:1px; border-width:2px; padding-right:var(--wp--preset--spacing--x-small);padding-left:var(--wp--preset--spacing--x-small);padding-top:10px;padding-bottom:10px;\" class=\"wp-block-read-more has-text-color has-foreground-color has-x-small-font-size\" href=\"https:\/\/www.icoanei-ioanid.ro\/?p=7116\" target=\"_self\">Read more<span class=\"screen-reader-text\">: F\u0103r\u0103 ma\u0219ini abandonate pe str\u0103zile cartierului<\/span><\/a>\n<\/li><li class=\"wp-block-post post-7112 post type-post status-publish format-standard has-post-thumbnail hentry category-initiative\">\n<figure style=\"width:100%;height:240px; margin-bottom:var(--wp--preset--spacing--small);\" class=\"wp-block-post-featured-image\"><a href=\"https:\/\/www.icoanei-ioanid.ro\/?p=7112\" target=\"_self\"  style=\"height:240px\"><img loading=\"lazy\" decoding=\"async\" width=\"1536\" height=\"2048\" src=\"https:\/\/www.icoanei-ioanid.ro\/wp-content\/uploads\/2026\/04\/blog_primatrecere-2.jpeg\" class=\"attachment-post-thumbnail size-post-thumbnail wp-post-image\" alt=\"Prima trecere de pietoni \u00eenfiin\u021bat\u0103 \u00een cartier\" style=\"height:240px;object-fit:cover;\" srcset=\"https:\/\/www.icoanei-ioanid.ro\/wp-content\/uploads\/2026\/04\/blog_primatrecere-2.jpeg 1536w, https:\/\/www.icoanei-ioanid.ro\/wp-content\/uploads\/2026\/04\/blog_primatrecere-2-225x300.jpeg 225w, https:\/\/www.icoanei-ioanid.ro\/wp-content\/uploads\/2026\/04\/blog_primatrecere-2-768x1024.jpeg 768w, https:\/\/www.icoanei-ioanid.ro\/wp-content\/uploads\/2026\/04\/blog_primatrecere-2-1152x1536.jpeg 1152w, https:\/\/www.icoanei-ioanid.ro\/wp-content\/uploads\/2026\/04\/blog_primatrecere-2-600x800.jpeg 600w, https:\/\/www.icoanei-ioanid.ro\/wp-content\/uploads\/2026\/04\/blog_primatrecere-2-1200x1600.jpeg 1200w\" sizes=\"auto, 100vw\" \/><\/a><\/figure>\n\n<h3 style=\"margin-top:0;margin-bottom:var(--wp--preset--spacing--x-small);\" class=\"has-link-color wp-elements-2e75b4e4fab489cf445e03eda13279d1 wp-block-post-title\"><a href=\"https:\/\/www.icoanei-ioanid.ro\/?p=7112\" target=\"_self\" >Prima trecere de pietoni \u00eenfiin\u021bat\u0103 \u00een cartier<\/a><\/h3>\n\n<div class=\"has-link-color wp-elements-61eeeb1d6c31f3761cb8bc35b6e1a095 wp-block-post-excerpt has-text-color has-tertiary-color\"><p class=\"wp-block-post-excerpt__excerpt\">S\u0103rb\u0103torim cu surle \u0219i tr\u00e2mbi\u021be \u00eenfiin\u021barea unei treceri de pietoni, acolo unde nu exista una \u0219i unde era musai musai nevoie de ea!Locuitorii cartierului nostru, cu siguran\u021b\u0103, cunosc intersec\u021bia binecunoscutelor str\u0103zi Mihai Eminescu cu Aurel Vlaicu \u0219i, mai&hellip; <\/p><\/div>\n\n<a style=\"font-style:normal;font-weight:500;text-transform:uppercase;letter-spacing:1px; border-width:2px; padding-right:var(--wp--preset--spacing--x-small);padding-left:var(--wp--preset--spacing--x-small);padding-top:10px;padding-bottom:10px;\" class=\"wp-block-read-more has-text-color has-foreground-color has-x-small-font-size\" href=\"https:\/\/www.icoanei-ioanid.ro\/?p=7112\" target=\"_self\">Read more<span class=\"screen-reader-text\">: Prima trecere de pietoni \u00eenfiin\u021bat\u0103 \u00een cartier<\/span><\/a>\n<\/li><\/ul>\n\n<\/div>\n\n\n\n<div style=\"height:85px\" aria-hidden=\"true\" class=\"wp-block-spacer\"><\/div>\n<\/div>\n","protected":false},"excerpt":{"rendered":"<p>DESPRE GRUPURI CIVICE Grupurile de ini\u021biativ\u0103 civic\u0103 unesc voluntari motiva\u021bi, preocupa\u021bi de binele comun, care colaboreaz\u0103 pentru a identifica probleme, a genera solu\u021bii \u0219i pentru a crea un spa\u021biu urban armonios. Aceste grupuri sunt un liant \u00eentre cet\u0103\u021beni \u0219i autorit\u0103\u021bi, \u00een beneficiul \u00eentregii comunit\u0103\u021bi. CINE SUNTEM&nbsp;\u0218I CE FACEM ? Grupul de Ini\u021biativ\u0103 Civic\u0103 Icoanei-Ioanid este &hellip; <\/p>\n<p class=\"link-more\"><a href=\"https:\/\/www.icoanei-ioanid.ro\/\" class=\"more-link\">Read more<span class=\"screen-reader-text\"> &#8220;Homepage&#8221;<\/span><\/a><\/p>\n","protected":false},"author":1,"featured_media":0,"parent":0,"menu_order":0,"comment_status":"closed","ping_status":"closed","template":"page-templates\/full-width-transparent.php","meta":{"pagelayer_contact_templates":[],"_pagelayer_content":"","inspiro_hide_title":false,"footnotes":""},"class_list":["post-6922","page","type-page","status-publish","hentry"],"featured_media_urls":[],"_links":{"self":[{"href":"https:\/\/www.icoanei-ioanid.ro\/index.php?rest_route=\/wp\/v2\/pages\/6922","targetHints":{"allow":["GET"]}}],"collection":[{"href":"https:\/\/www.icoanei-ioanid.ro\/index.php?rest_route=\/wp\/v2\/pages"}],"about":[{"href":"https:\/\/www.icoanei-ioanid.ro\/index.php?rest_route=\/wp\/v2\/types\/page"}],"author":[{"embeddable":true,"href":"https:\/\/www.icoanei-ioanid.ro\/index.php?rest_route=\/wp\/v2\/users\/1"}],"replies":[{"embeddable":true,"href":"https:\/\/www.icoanei-ioanid.ro\/index.php?rest_route=%2Fwp%2Fv2%2Fcomments&post=6922"}],"version-history":[{"count":27,"href":"https:\/\/www.icoanei-ioanid.ro\/index.php?rest_route=\/wp\/v2\/pages\/6922\/revisions"}],"predecessor-version":[{"id":7237,"href":"https:\/\/www.icoanei-ioanid.ro\/index.php?rest_route=\/wp\/v2\/pages\/6922\/revisions\/7237"}],"wp:attachment":[{"href":"https:\/\/www.icoanei-ioanid.ro\/index.php?rest_route=%2Fwp%2Fv2%2Fmedia&parent=6922"}],"curies":[{"name":"wp","href":"https:\/\/api.w.org\/{rel}","templated":true}]}}