{"id":7168,"date":"2026-04-16T22:09:44","date_gmt":"2026-04-16T19:09:44","guid":{"rendered":"http:\/\/icoanei-ioanid.ro\/?page_id=7168"},"modified":"2026-04-17T20:06:55","modified_gmt":"2026-04-17T17:06:55","slug":"sesizari-autoritati","status":"publish","type":"page","link":"https:\/\/www.icoanei-ioanid.ro\/?page_id=7168","title":{"rendered":"Sesiz\u0103ri &amp; Autorit\u0103\u021bi"},"content":{"rendered":"\n<div class=\"wp-block-columns is-layout-flex wp-container-core-columns-is-layout-e0e4babd wp-block-columns-is-layout-flex\" style=\"padding-right:0;padding-left:0\">\n<div class=\"wp-block-column is-vertically-aligned-top is-layout-flow wp-container-core-column-is-layout-c4652968 wp-block-column-is-layout-flow\" style=\"padding-right:0;padding-left:0rem;flex-basis:40%\">\n<p class=\"has-text-color\" style=\"color:#0bb4aa;font-size:clamp(20px, 1.25rem + ((1vw - 3.2px) * 1.062), 32px);\"><strong>SESIZ\u0102RI  &amp;  AUTORIT\u0102\u021aI<\/strong><\/p>\n\n\n\n<p style=\"padding-right:0;padding-left:0\">Unde suni, unde faci un kind reminder civilizat, aici g\u0103se\u0219ti tot ce ai nevoie pentru problemele din Sectorul 1 \u0219i 2<\/p>\n<\/div>\n\n\n\n<div class=\"wp-block-column is-layout-flow wp-block-column-is-layout-flow\" style=\"flex-basis:5%\"><\/div>\n\n\n\n<div class=\"wp-block-column is-layout-flow wp-block-column-is-layout-flow\" style=\"padding-right:0;padding-left:0;flex-basis:55%\">\n<div class=\"wp-block-group card-autoritati has-background-background-color has-background has-global-padding is-layout-constrained wp-container-core-group-is-layout-88d5a9cd wp-block-group-is-layout-constrained\" style=\"border-width:1px;border-top-left-radius:15px;border-top-right-radius:15px;border-bottom-left-radius:15px;border-bottom-right-radius:15px;padding-top:var(--wp--preset--spacing--x-small);padding-right:var(--wp--preset--spacing--x-small);padding-bottom:var(--wp--preset--spacing--x-small);padding-left:var(--wp--preset--spacing--x-small)\">\n<div class=\"wp-block-columns is-layout-flex wp-container-core-columns-is-layout-28f84493 wp-block-columns-is-layout-flex\">\n<div class=\"wp-block-column is-vertically-aligned-top is-layout-flow wp-block-column-is-layout-flow\" style=\"flex-basis:33.33%\">\n<p class=\"has-text-align-center has-medium-font-size\"><strong>Urgen\u021be \u00een cartier (seism, incendiu)<\/strong><\/p>\n\n\n\n<figure class=\"wp-block-image aligncenter size-thumbnail\"><img loading=\"lazy\" decoding=\"async\" width=\"150\" height=\"150\" src=\"http:\/\/icoanei-ioanid.ro\/wp-content\/uploads\/2026\/04\/Poza-Urgente-in-cartier-150x150.jpg\" alt=\"\" class=\"wp-image-7223\"\/><\/figure>\n<\/div>\n\n\n\n<div class=\"wp-block-column is-layout-flow wp-block-column-is-layout-flow\" style=\"flex-basis:66.66%\">\n<p class=\"has-secondary-color has-text-color\" style=\"margin-bottom:0\"><strong>ISU Bucure\u0219ti\u2013Ilfov<\/strong><\/p>\n\n\n\n<p style=\"margin-top:0;margin-right:0;margin-bottom:0;margin-left:0\">&#x260e;&#xfe0f; :&nbsp;112 (apel unic urgen\u021b\u0103)<\/p>\n\n\n\n<p class=\"has-link-color has-secondary-color has-text-color\" style=\"margin-bottom:0\">\u200b<strong>Dispeceratul Integrat de Urgen\u021b\u0103 al PMB<\/strong><\/p>\n\n\n\n<p style=\"margin-top:0;margin-right:0;margin-bottom:0;margin-left:0\">&#x260e;&#xfe0f;:&nbsp;<a href=\"tel:0213055500\">021.305.55.00<\/a> (non-urgen\u021b\u0103)<\/p>\n<\/div>\n<\/div>\n<\/div>\n<\/div>\n<\/div>\n\n\n\n<div class=\"wp-block-group card-autoritati has-background-background-color has-background has-global-padding is-layout-constrained wp-container-core-group-is-layout-88d5a9cd wp-block-group-is-layout-constrained\" style=\"border-width:1px;border-top-left-radius:15px;border-top-right-radius:15px;border-bottom-left-radius:15px;border-bottom-right-radius:15px;padding-top:var(--wp--preset--spacing--x-small);padding-right:var(--wp--preset--spacing--x-small);padding-bottom:var(--wp--preset--spacing--x-small);padding-left:var(--wp--preset--spacing--x-small)\">\n<div class=\"wp-block-columns is-layout-flex wp-container-core-columns-is-layout-28f84493 wp-block-columns-is-layout-flex\">\n<div class=\"wp-block-column is-vertically-aligned-top is-layout-flow wp-block-column-is-layout-flow\" style=\"flex-basis:33.33%\">\n<p class=\"has-text-align-center has-medium-font-size\"><strong>Spa\u021bii verzi, parcuri, locuri de joac\u0103<\/strong><\/p>\n\n\n\n<figure class=\"wp-block-image aligncenter size-thumbnail\"><img loading=\"lazy\" decoding=\"async\" width=\"150\" height=\"150\" src=\"http:\/\/icoanei-ioanid.ro\/wp-content\/uploads\/2026\/04\/IMG_5536-150x150.jpg\" alt=\"\" class=\"wp-image-7003\"\/><\/figure>\n<\/div>\n\n\n\n<div class=\"wp-block-column is-layout-flow wp-block-column-is-layout-flow\" style=\"flex-basis:66.66%\">\n<p class=\"has-secondary-color has-text-color\" style=\"margin-bottom:0\"><strong>Direc\u0163ia de Utilit\u0103\u0163i Publice, Salubrizare \u015fi Protec\u0163ia Mediului Sector 1 (ex ADP S1)<\/strong><\/p>\n\n\n\n<p style=\"margin-top:0;margin-right:0;margin-bottom:0;margin-left:0\">Adres\u0103 sediu: Str. Mure\u015f nr. 18-24, et. 2, Sector 1, Bucure\u0219ti<br>&#x260e;&#xfe0f; :&nbsp;<a href=\"tel:0219319\">021.9319<\/a><br>&#x2709;&#xfe0f; :&nbsp;<a href=\"mailto:secretariat@mediusectorul1.ro\">secretariat@mediusectorul1.ro<\/a><br><a href=\"http:\/\/www.mediusectorul1.ro\/\" target=\"_blank\" rel=\"noreferrer noopener\">www.mediusectorul1.ro<\/a><\/p>\n\n\n\n<p class=\"has-link-color has-secondary-color has-text-color\" style=\"margin-bottom:0\">\u200b<strong>Direc\u0163ia de Utilit\u0103\u021bi Publice \u015fi Mediu Sector 2 (ex ADP S2)<\/strong><\/p>\n\n\n\n<p style=\"margin-top:0;margin-right:0;margin-bottom:0;margin-left:0\">Adres\u0103 sediu: \u0218oseaua Electronicii nr.\u202f44, Bucure\u0219ti, Sector 2<br>&#x260e;&#xfe0f;:&nbsp;<a href=\"tel:0212527789\">021.252.77.89<\/a><br>&#x2709;&#xfe0f;:&nbsp;<a href=\"mailto:office@adp2.ro\">office@adp2.ro<\/a><br><a href=\"http:\/\/www.adp2.ro\/\" target=\"_blank\" rel=\"noreferrer noopener\">www.adp2.ro<\/a><\/p>\n<\/div>\n<\/div>\n<\/div>\n\n\n\n<div class=\"wp-block-group card-autoritati has-background-background-color has-background has-global-padding is-layout-constrained wp-container-core-group-is-layout-88d5a9cd wp-block-group-is-layout-constrained\" style=\"border-width:1px;border-top-left-radius:15px;border-top-right-radius:15px;border-bottom-left-radius:15px;border-bottom-right-radius:15px;padding-top:var(--wp--preset--spacing--x-small);padding-right:var(--wp--preset--spacing--x-small);padding-bottom:var(--wp--preset--spacing--x-small);padding-left:var(--wp--preset--spacing--x-small)\">\n<div class=\"wp-block-columns is-layout-flex wp-container-core-columns-is-layout-28f84493 wp-block-columns-is-layout-flex\">\n<div class=\"wp-block-column is-vertically-aligned-top is-layout-flow wp-block-column-is-layout-flow\" style=\"flex-basis:33.33%\">\n<p class=\"has-text-align-center has-medium-font-size\"><strong>Cur\u0103\u021benie stradal\u0103, de\u0219euri<\/strong><\/p>\n\n\n\n<figure class=\"wp-block-image aligncenter size-thumbnail\"><img loading=\"lazy\" decoding=\"async\" width=\"150\" height=\"150\" src=\"http:\/\/icoanei-ioanid.ro\/wp-content\/uploads\/2026\/04\/Poza-Curatenie-stradala-150x150.jpg\" alt=\"\" class=\"wp-image-7213\"\/><\/figure>\n<\/div>\n\n\n\n<div class=\"wp-block-column is-layout-flow wp-block-column-is-layout-flow\" style=\"flex-basis:66.66%\">\n<p class=\"has-secondary-color has-text-color\" style=\"margin-bottom:0\"><strong>ROMPREST SERVICE SA (salubrizare Sector 1)<\/strong><\/p>\n\n\n\n<p style=\"margin-top:0;margin-right:0;margin-bottom:0;margin-left:0\">Adres\u0103: Bulevardul Poligrafiei nr. 1C, etaj 3, Sector 1, Bucure\u0219ti<br>&#x260e;&#xfe0f; :&nbsp;<a href=\"tel:0212322123\">021.232.21.23<\/a><br>&#x2709;&#xfe0f; :&nbsp;<a href=\"office@romprest-energy.ro\">office@romprest-energy.ro<\/a><br>Call Center Salubrizare \u2013 Sector 1<br>Telefon dispecerat (non-stop): 021.9460<br>Telefon birou operativ: 021.306.70.00 \/ 021.306.70.29<\/p>\n\n\n\n<p class=\"has-secondary-color has-text-color\" style=\"margin-bottom:0\"><strong>Supercom SA (salubrizare Sector 2)<\/strong><\/p>\n\n\n\n<p style=\"margin-top:0;margin-right:0;margin-bottom:0;margin-left:0\">Adres\u0103: Strada Gherghi\u021bei nr. 23 C, Sector 2, Bucure\u0219ti<br>&#x260e;&#xfe0f; :&nbsp;<a href=\"tel:0212402686\">021.240.26.86<\/a><br>&#x2709;&#xfe0f; :&nbsp;<a href=\"contact@supercom.ro\">contact@supercom.ro<\/a><br>Ridic\u0103ri de\u0219euri voluminoase (Sector 2): 021.9654<\/p>\n<\/div>\n<\/div>\n<\/div>\n\n\n\n<div class=\"wp-block-group card-autoritati has-background-background-color has-background has-global-padding is-layout-constrained wp-container-core-group-is-layout-88d5a9cd wp-block-group-is-layout-constrained\" style=\"border-width:1px;border-top-left-radius:15px;border-top-right-radius:15px;border-bottom-left-radius:15px;border-bottom-right-radius:15px;padding-top:var(--wp--preset--spacing--x-small);padding-right:var(--wp--preset--spacing--x-small);padding-bottom:var(--wp--preset--spacing--x-small);padding-left:var(--wp--preset--spacing--x-small)\">\n<div class=\"wp-block-columns is-layout-flex wp-container-core-columns-is-layout-28f84493 wp-block-columns-is-layout-flex\">\n<div class=\"wp-block-column is-vertically-aligned-top is-layout-flow wp-block-column-is-layout-flow\" style=\"flex-basis:33.33%\">\n<p class=\"has-text-align-center has-medium-font-size\"><strong>Siguran\u021b\u0103, accesibilizare, trotuare<\/strong><\/p>\n\n\n\n<figure class=\"wp-block-image aligncenter size-thumbnail\"><img loading=\"lazy\" decoding=\"async\" width=\"150\" height=\"150\" src=\"http:\/\/icoanei-ioanid.ro\/wp-content\/uploads\/2026\/04\/Poza-Siguranta-150x150.jpg\" alt=\"\" class=\"wp-image-7199\"\/><\/figure>\n<\/div>\n\n\n\n<div class=\"wp-block-column is-layout-flow wp-block-column-is-layout-flow\" style=\"flex-basis:66.66%\">\n<p class=\"has-secondary-color has-text-color\" style=\"margin-bottom:0\"><strong>Administra\u021bia Str\u0103zilor \u2013 pentru marcaje, semafoare accesibile<\/strong><\/p>\n\n\n\n<p style=\"margin-top:0;margin-right:0;margin-bottom:0;margin-left:0\">Adres\u0103: Str. Domni\u021ba Ancu\u021ba nr.\u202f1, Sector 1, Bucure\u0219ti<br>&#x260e;&#xfe0f; central\u0103:&nbsp;<a href=\"tel:0213151219\">021.315.12.19<\/a><br>&#x260e;&#xfe0f; TelVerde:&nbsp;<a href=\"tel:0800800882\">0800.800.882<\/a><br>&#x2709;&#xfe0f; :&nbsp;<a href=\"mailto:office@aspmb.ro\">office@aspmb.ro<\/a><\/p>\n\n\n\n<p class=\"has-link-color has-secondary-color has-text-color\" style=\"margin-bottom:0\"><strong>DUPSPM \/ PMB \u2013 pentru trotuare, rute accesibile (ex: rampe)<\/strong><\/p>\n<\/div>\n<\/div>\n<\/div>\n\n\n\n<div class=\"wp-block-columns is-layout-flex wp-container-core-columns-is-layout-0b9cfcac wp-block-columns-is-layout-flex\" style=\"margin-top:0;margin-bottom:var(--wp--preset--spacing--x-small);padding-top:0;padding-right:0;padding-bottom:0;padding-left:0\">\n<div class=\"wp-block-column is-layout-flow wp-block-column-is-layout-flow\">\n<div class=\"wp-block-group card-autoritati has-background-background-color has-background has-global-padding is-layout-constrained wp-container-core-group-is-layout-88d5a9cd wp-block-group-is-layout-constrained\" style=\"border-width:1px;border-top-left-radius:15px;border-top-right-radius:15px;border-bottom-left-radius:15px;border-bottom-right-radius:15px;padding-top:var(--wp--preset--spacing--x-small);padding-right:var(--wp--preset--spacing--x-small);padding-bottom:var(--wp--preset--spacing--x-small);padding-left:var(--wp--preset--spacing--x-small)\">\n<div class=\"wp-block-columns is-layout-flex wp-container-core-columns-is-layout-28f84493 wp-block-columns-is-layout-flex\">\n<div class=\"wp-block-column is-vertically-aligned-top is-layout-flow wp-block-column-is-layout-flow\" style=\"flex-basis:33.33%\">\n<p class=\"has-text-align-center has-medium-font-size\"><strong><strong>Parc\u0103ri, str\u0103zi<\/strong><\/strong><\/p>\n\n\n\n<figure class=\"wp-block-image aligncenter size-thumbnail\"><img loading=\"lazy\" decoding=\"async\" width=\"150\" height=\"150\" src=\"http:\/\/icoanei-ioanid.ro\/wp-content\/uploads\/2026\/04\/blog_primatrecere-2-150x150.jpeg\" alt=\"\" class=\"wp-image-7114\" srcset=\"https:\/\/www.icoanei-ioanid.ro\/wp-content\/uploads\/2026\/04\/blog_primatrecere-2-150x150.jpeg 150w, https:\/\/www.icoanei-ioanid.ro\/wp-content\/uploads\/2026\/04\/blog_primatrecere-2-800x800.jpeg 800w\" sizes=\"auto, (max-width: 150px) 100vw, 150px\" \/><\/figure>\n<\/div>\n\n\n\n<div class=\"wp-block-column is-layout-flow wp-block-column-is-layout-flow\" style=\"flex-basis:66.66%\">\n<p class=\"has-secondary-color has-text-color\" style=\"margin-bottom:0\"><strong>Administra\u021bia Str\u0103zilor Bucure\u0219ti (ASB, PMB)<\/strong><\/p>\n\n\n\n<p style=\"margin-top:0;margin-right:0;margin-bottom:0;margin-left:0\">Adres\u0103: Str. Domni\u021ba Ancu\u021ba nr.\u202f1, sector 1<br>&#x260e;&#xfe0f; :&nbsp;<a href=\"tel:0213151219\">021.315.12.19<\/a><br>&#x2709;&#xfe0f; :&nbsp;<a href=\"mailto:office@aspmb.ro\">office@aspmb.ro<\/a><\/p>\n<\/div>\n<\/div>\n<\/div>\n<\/div>\n\n\n\n<div class=\"wp-block-column is-layout-flow wp-block-column-is-layout-flow\">\n<div class=\"wp-block-group card-autoritati has-background-background-color has-background has-global-padding is-layout-constrained wp-container-core-group-is-layout-88d5a9cd wp-block-group-is-layout-constrained\" style=\"border-width:1px;border-top-left-radius:15px;border-top-right-radius:15px;border-bottom-left-radius:15px;border-bottom-right-radius:15px;padding-top:var(--wp--preset--spacing--x-small);padding-right:var(--wp--preset--spacing--x-small);padding-bottom:var(--wp--preset--spacing--x-small);padding-left:var(--wp--preset--spacing--x-small)\">\n<div class=\"wp-block-columns is-layout-flex wp-container-core-columns-is-layout-28f84493 wp-block-columns-is-layout-flex\">\n<div class=\"wp-block-column is-vertically-aligned-top is-layout-flow wp-block-column-is-layout-flow\" style=\"flex-basis:33.33%\">\n<p class=\"has-text-align-center has-medium-font-size\"><strong><strong>Iluminat stradal<\/strong><\/strong><\/p>\n\n\n\n<figure class=\"wp-block-image aligncenter size-thumbnail is-style-default\"><img loading=\"lazy\" decoding=\"async\" width=\"150\" height=\"150\" src=\"http:\/\/icoanei-ioanid.ro\/wp-content\/uploads\/2026\/04\/Poza-iluminat-stradal-150x150.jpg\" alt=\"\" class=\"wp-image-7204\"\/><\/figure>\n<\/div>\n\n\n\n<div class=\"wp-block-column is-layout-flow wp-block-column-is-layout-flow\" style=\"flex-basis:66.66%\">\n<p class=\"has-secondary-color has-text-color\" style=\"margin-bottom:0\"><strong>Compania Municipal\u0103 Iluminat Public Bucure\u0219ti (CMIPB)<\/strong><\/p>\n\n\n\n<p style=\"margin-top:0;margin-right:0;margin-bottom:0;margin-left:0\">Adres\u0103: \u0218oseaua Od\u0103ii nr.\u202f253\u2013259, sector 1, Bucure\u0219ti<br>&#x260e;&#xfe0f; :&nbsp;<a href=\"tel:0374810999\">0374.81.09.99<\/a><br>&#x2709;&#xfe0f; :&nbsp;<a href=\"mailto:office@cmipb.ro\">office@cmipb.ro<\/a><\/p>\n<\/div>\n<\/div>\n<\/div>\n<\/div>\n<\/div>\n\n\n\n<div class=\"wp-block-group card-autoritati has-background-background-color has-background has-global-padding is-layout-constrained wp-container-core-group-is-layout-88d5a9cd wp-block-group-is-layout-constrained\" style=\"border-width:1px;border-top-left-radius:15px;border-top-right-radius:15px;border-bottom-left-radius:15px;border-bottom-right-radius:15px;padding-top:var(--wp--preset--spacing--x-small);padding-right:var(--wp--preset--spacing--x-small);padding-bottom:var(--wp--preset--spacing--x-small);padding-left:var(--wp--preset--spacing--x-small)\">\n<div class=\"wp-block-columns is-layout-flex wp-container-core-columns-is-layout-28f84493 wp-block-columns-is-layout-flex\">\n<div class=\"wp-block-column is-vertically-aligned-top is-layout-flow wp-block-column-is-layout-flow\" style=\"flex-basis:33.33%\">\n<p class=\"has-text-align-center has-medium-font-size\"><strong>Patrimoniu, autoriza\u021bii, renov\u0103ri<\/strong><\/p>\n\n\n\n<figure class=\"wp-block-image aligncenter size-thumbnail\"><img loading=\"lazy\" decoding=\"async\" width=\"150\" height=\"150\" src=\"http:\/\/icoanei-ioanid.ro\/wp-content\/uploads\/2026\/04\/Poza-Patrimoniu-150x150.jpg\" alt=\"\" class=\"wp-image-7215\"\/><\/figure>\n<\/div>\n\n\n\n<div class=\"wp-block-column is-layout-flow wp-block-column-is-layout-flow\" style=\"flex-basis:66.66%\">\n<p class=\"has-secondary-color has-text-color\" style=\"margin-bottom:0\"><strong>Direc\u021bia pentru Cultur\u0103 a Municipiului Bucure\u0219ti (DCMB)<\/strong><\/p>\n\n\n\n<p style=\"margin-top:0;margin-right:0;margin-bottom:0;margin-left:0\">Adres\u0103 sediu: str. Sf\u00e2ntul \u0218tefan nr.\u202f3, Sector 2<br>&#x260e;&#xfe0f; :&nbsp;<a href=\"tel:0213232611\">021.323.26.11<\/a><br>&#x2709;&#xfe0f; :&nbsp;<a href=\"mailto:contact@dcmb.ro\">contact@dcmb.ro<\/a><\/p>\n\n\n\n<p class=\"has-link-color has-secondary-color has-text-color\" style=\"margin-bottom:0\">\u200b<strong>\nDirec\u021bia Patrimoniu (Ministerul Culturii)<\/strong><\/p>\n\n\n\n<p style=\"margin-top:0;margin-right:0;margin-bottom:0;margin-left:0\">&#x2709;&#xfe0f;:&nbsp;<a href=\"mailto:patrimoniu.cultural@cultura.ro\">patrimoniu.cultural@cultura.ro<\/a><\/p>\n<\/div>\n<\/div>\n<\/div>\n\n\n\n<div class=\"wp-block-group card-autoritati has-background-background-color has-background has-global-padding is-layout-constrained wp-container-core-group-is-layout-88d5a9cd wp-block-group-is-layout-constrained\" style=\"border-width:1px;border-top-left-radius:15px;border-top-right-radius:15px;border-bottom-left-radius:15px;border-bottom-right-radius:15px;padding-top:var(--wp--preset--spacing--x-small);padding-right:var(--wp--preset--spacing--x-small);padding-bottom:var(--wp--preset--spacing--x-small);padding-left:var(--wp--preset--spacing--x-small)\">\n<div class=\"wp-block-columns is-layout-flex wp-container-core-columns-is-layout-28f84493 wp-block-columns-is-layout-flex\">\n<div class=\"wp-block-column is-vertically-aligned-top is-layout-flow wp-block-column-is-layout-flow\" style=\"flex-basis:33.33%\">\n<p class=\"has-text-align-center has-medium-font-size\"><strong>Construc\u021bii ilegale<\/strong><\/p>\n\n\n\n<figure class=\"wp-block-image aligncenter size-thumbnail\"><img loading=\"lazy\" decoding=\"async\" width=\"150\" height=\"150\" src=\"http:\/\/icoanei-ioanid.ro\/wp-content\/uploads\/2026\/04\/Poza-constructii-ilegale-150x150.jpeg\" alt=\"\" class=\"wp-image-7218\"\/><\/figure>\n<\/div>\n\n\n\n<div class=\"wp-block-column is-layout-flow wp-block-column-is-layout-flow\" style=\"flex-basis:66.66%\">\n<p class=\"has-secondary-color has-text-color\" style=\"margin-bottom:0\"><strong>Inspectoratul de Stat \u00een Construc\u021bii<\/strong><\/p>\n\n\n\n<p style=\"margin-top:0;margin-right:0;margin-bottom:0;margin-left:0\"><a href=\"https:\/\/isc.gov.ro\/contact.html\" target=\"_blank\" rel=\"noreferrer noopener\">isc.gov.ro\/contact.html<\/a><\/p>\n\n\n\n<p class=\"has-link-color has-secondary-color has-text-color\" style=\"margin-bottom:0\">\u200b<strong>Poli\u021bia Local\u0103 Sector 1<\/strong><\/p>\n\n\n\n<p style=\"margin-top:0;margin-right:0;margin-bottom:0;margin-left:0\"><a href=\"https:\/\/www.politialocalasector1.ro\/contact\/\" target=\"_blank\" rel=\"noreferrer noopener\">www.politialocalasector1.ro\/contact\/<\/a><\/p>\n\n\n\n<p class=\"has-link-color has-secondary-color has-text-color\" style=\"margin-bottom:0\">\u200b<strong>Poli\u021bia Local\u0103 Sector 2<\/strong><\/p>\n\n\n\n<p style=\"margin-top:0;margin-right:0;margin-bottom:0;margin-left:0\"><a href=\"https:\/\/www.politialocalas2.ro\/index.php\/contact\" target=\"_blank\" rel=\"noreferrer noopener\">www.politialocalas2.ro\/index.php\/contact<\/a><\/p>\n\n\n\n<p class=\"has-link-color has-secondary-color has-text-color\" style=\"margin-bottom:0\">\u200b<strong>Poli\u021bia Local\u0103 a Municipiului Bucure\u0219ti<\/strong><\/p>\n\n\n\n<p style=\"margin-top:0;margin-right:0;margin-bottom:0;margin-left:0\"><a href=\"https:\/\/www.plmb.ro\/contact\" target=\"_blank\" rel=\"noreferrer noopener\">www.plmb.ro\/contact<\/a><\/p>\n\n\n\n<p class=\"has-link-color has-secondary-color has-text-color\" style=\"margin-bottom:0\">\u200b<strong>Platforma 112 Patrimoniu<\/strong><\/p>\n\n\n\n<p style=\"margin-top:0;margin-right:0;margin-bottom:0;margin-left:0\"><a href=\"https:\/\/www.112patrimoniu.ro\/\" target=\"_blank\" rel=\"noreferrer noopener\">www.112patrimoniu.ro\/<\/a><\/p>\n<\/div>\n<\/div>\n<\/div>\n\n\n\n<div class=\"wp-block-group card-autoritati has-background-background-color has-background has-global-padding is-layout-constrained wp-container-core-group-is-layout-88d5a9cd wp-block-group-is-layout-constrained\" style=\"border-width:1px;border-top-left-radius:15px;border-top-right-radius:15px;border-bottom-left-radius:15px;border-bottom-right-radius:15px;padding-top:var(--wp--preset--spacing--x-small);padding-right:var(--wp--preset--spacing--x-small);padding-bottom:var(--wp--preset--spacing--x-small);padding-left:var(--wp--preset--spacing--x-small)\">\n<div class=\"wp-block-columns is-layout-flex wp-container-core-columns-is-layout-28f84493 wp-block-columns-is-layout-flex\">\n<div class=\"wp-block-column is-vertically-aligned-top is-layout-flow wp-block-column-is-layout-flow\" style=\"flex-basis:33.33%\">\n<p class=\"has-text-align-center has-medium-font-size\"><strong>Protec\u021bia animalelor<\/strong><\/p>\n\n\n\n<figure class=\"wp-block-image aligncenter size-thumbnail\"><img loading=\"lazy\" decoding=\"async\" width=\"150\" height=\"150\" src=\"http:\/\/icoanei-ioanid.ro\/wp-content\/uploads\/2026\/04\/Poza-Protectia-animalelor-150x150.jpeg\" alt=\"\" class=\"wp-image-7220\"\/><\/figure>\n<\/div>\n\n\n\n<div class=\"wp-block-column is-layout-flow wp-block-column-is-layout-flow\" style=\"flex-basis:66.66%\">\n<p class=\"has-secondary-color has-text-color\" style=\"margin-bottom:0\"><strong>ASPA \u2013 Autoritatea pentru Supravegherea \u0219i Protec\u021bia Animalelor<\/strong><\/p>\n\n\n\n<p style=\"margin-top:0;margin-right:0;margin-bottom:0;margin-left:0\">Adres\u0103 sediu: Str. Constantin Mille nr. 10, Sector 1, Bucure\u0219ti<br>&#x260e;&#xfe0f; :&nbsp;<a href=\"tel:0213129555\">021.312.95.55<\/a><br>&#x2709;&#xfe0f; :&nbsp;<a href=\"mailto:relatiicupublicul@aspa.ro\">relatiicupublicul@aspa.ro<\/a><\/p>\n\n\n\n<p class=\"has-link-color has-secondary-color has-text-color\" style=\"margin-bottom:0\">\u200b<strong>Direc\u021bia Sanitar-Veterinar\u0103 Ilfov (DSVSA Ilfov)<\/strong><\/p>\n\n\n\n<p style=\"margin-top:0;margin-right:0;margin-bottom:0;margin-left:0\">Adres\u0103 sediu: Str. Ion Ionescu de la Brad nr. 8, Sector 1, Bucure\u0219ti<br>&#x260e;&#xfe0f;:&nbsp;<a href=\"tel:0212693306\">021.269.33.06<\/a> \/ <a href=\"tel:0212693306\">021.269.33.06<\/a> \/ <a href=\"tel:0212693306\">021.269.33.06<\/a><\/p>\n<\/div>\n<\/div>\n<\/div>\n\n\n\n<div class=\"wp-block-group card-autoritati has-background-background-color has-background has-global-padding is-layout-constrained wp-container-core-group-is-layout-88d5a9cd wp-block-group-is-layout-constrained\" style=\"border-width:1px;border-top-left-radius:15px;border-top-right-radius:15px;border-bottom-left-radius:15px;border-bottom-right-radius:15px;padding-top:var(--wp--preset--spacing--x-small);padding-right:var(--wp--preset--spacing--x-small);padding-bottom:var(--wp--preset--spacing--x-small);padding-left:var(--wp--preset--spacing--x-small)\">\n<div class=\"wp-block-columns is-layout-flex wp-container-core-columns-is-layout-28f84493 wp-block-columns-is-layout-flex\">\n<div class=\"wp-block-column is-vertically-aligned-top is-layout-flow wp-block-column-is-layout-flow\" style=\"flex-basis:33.33%\">\n<p class=\"has-text-align-center has-medium-font-size\"><strong>Dezinsec\u021bie \u0219i deratizare<\/strong><\/p>\n\n\n\n<figure class=\"wp-block-image aligncenter size-thumbnail\"><img loading=\"lazy\" decoding=\"async\" width=\"150\" height=\"150\" src=\"http:\/\/icoanei-ioanid.ro\/wp-content\/uploads\/2026\/04\/deseuri-150x150.jpg\" alt=\"\" class=\"wp-image-7222\" srcset=\"https:\/\/www.icoanei-ioanid.ro\/wp-content\/uploads\/2026\/04\/deseuri-150x150.jpg 150w, https:\/\/www.icoanei-ioanid.ro\/wp-content\/uploads\/2026\/04\/deseuri-300x300.jpg 300w, https:\/\/www.icoanei-ioanid.ro\/wp-content\/uploads\/2026\/04\/deseuri.jpg 382w\" sizes=\"auto, (max-width: 150px) 100vw, 150px\" \/><\/figure>\n<\/div>\n\n\n\n<div class=\"wp-block-column is-layout-flow wp-block-column-is-layout-flow\" style=\"flex-basis:66.66%\">\n<p class=\"has-secondary-color has-text-color\" style=\"margin-bottom:0\"><strong>Asocia\u021bia de Dezvoltare Intercomunitar\u0103 pentru Deratizare, Dezinsec\u021bie \u0219i Dezinfec\u021bie<\/strong><\/p>\n\n\n\n<p style=\"margin-top:0;margin-right:0;margin-bottom:0;margin-left:0\">Adres\u0103 sediu: Tati Business Center, Bulevardul Tudor Vladimirescu 45, Bucure\u0219ti<br>&#x260e;&#xfe0f; :&nbsp;<a href=\"tel:0790192540\">0790.192.540<\/a><br>&#x2709;&#xfe0f; :&nbsp;<a href=\"mailto:office@adiddd.ro\">office@adiddd.ro<\/a><br><a href=\"www.adiddd.ro\" target=\"_blank\" rel=\"noreferrer noopener\">www.adiddd.ro<\/a><\/p>\n<\/div>\n<\/div>\n<\/div>\n","protected":false},"excerpt":{"rendered":"<p>SESIZ\u0102RI &amp; AUTORIT\u0102\u021aI Unde suni, unde faci un kind reminder civilizat, aici g\u0103se\u0219ti tot ce ai nevoie pentru problemele din Sectorul 1 \u0219i 2 Urgen\u021be \u00een cartier (seism, incendiu) ISU Bucure\u0219ti\u2013Ilfov &#x260e;&#xfe0f; :&nbsp;112 (apel unic urgen\u021b\u0103) \u200bDispeceratul Integrat de Urgen\u021b\u0103 al PMB &#x260e;&#xfe0f;:&nbsp;021.305.55.00 (non-urgen\u021b\u0103) Spa\u021bii verzi, parcuri, locuri de joac\u0103 Direc\u0163ia de Utilit\u0103\u0163i Publice, Salubrizare &hellip; <\/p>\n<p class=\"link-more\"><a href=\"https:\/\/www.icoanei-ioanid.ro\/?page_id=7168\" class=\"more-link\">Read more<span class=\"screen-reader-text\"> &#8220;Sesiz\u0103ri &amp; Autorit\u0103\u021bi&#8221;<\/span><\/a><\/p>\n","protected":false},"author":1,"featured_media":0,"parent":0,"menu_order":0,"comment_status":"closed","ping_status":"closed","template":"","meta":{"pagelayer_contact_templates":[],"_pagelayer_content":"","inspiro_hide_title":true,"footnotes":""},"class_list":["post-7168","page","type-page","status-publish","hentry"],"featured_media_urls":[],"_links":{"self":[{"href":"https:\/\/www.icoanei-ioanid.ro\/index.php?rest_route=\/wp\/v2\/pages\/7168","targetHints":{"allow":["GET"]}}],"collection":[{"href":"https:\/\/www.icoanei-ioanid.ro\/index.php?rest_route=\/wp\/v2\/pages"}],"about":[{"href":"https:\/\/www.icoanei-ioanid.ro\/index.php?rest_route=\/wp\/v2\/types\/page"}],"author":[{"embeddable":true,"href":"https:\/\/www.icoanei-ioanid.ro\/index.php?rest_route=\/wp\/v2\/users\/1"}],"replies":[{"embeddable":true,"href":"https:\/\/www.icoanei-ioanid.ro\/index.php?rest_route=%2Fwp%2Fv2%2Fcomments&post=7168"}],"version-history":[{"count":32,"href":"https:\/\/www.icoanei-ioanid.ro\/index.php?rest_route=\/wp\/v2\/pages\/7168\/revisions"}],"predecessor-version":[{"id":7284,"href":"https:\/\/www.icoanei-ioanid.ro\/index.php?rest_route=\/wp\/v2\/pages\/7168\/revisions\/7284"}],"wp:attachment":[{"href":"https:\/\/www.icoanei-ioanid.ro\/index.php?rest_route=%2Fwp%2Fv2%2Fmedia&parent=7168"}],"curies":[{"name":"wp","href":"https:\/\/api.w.org\/{rel}","templated":true}]}}